{"id":45652,"date":"2025-10-27T12:45:46","date_gmt":"2025-10-27T10:45:46","guid":{"rendered":"https:\/\/www.atelpi.com\/product\/ced-p05-24-13-rele-a-stato-solido-ad-alta-velocita\/"},"modified":"2025-10-27T12:54:10","modified_gmt":"2025-10-27T10:54:10","slug":"ced-p05-24-13-rele-a-stato-solido-ad-alta-velocita","status":"publish","type":"product","link":"https:\/\/www.atelpi.com\/it\/product\/ced-p05-24-13-rele-a-stato-solido-ad-alta-velocita\/","title":{"rendered":"CED-P05-24-13 Rel\u00e8 a stato solido ad alta velocit\u00e0"},"content":{"rendered":"<p>Rel\u00e8 a stato solido ad alta velocit\u00e0 24 V, 13 A, 05 V pilot, 30 A peak. con un tempo di intervento inferiore a 0,5\u00b5S, non optoisolato, con indicatore di funzionamento, il tutto in soli 8 mm di spessore. Ideale per il pilotaggio di illuminatori per visione artificiale.<\/p>\n","protected":false},"excerpt":{"rendered":"<p>Rel\u00e8 a stato solido ad alta velocit\u00e0 24 V, 13 A, 05 V pilot, 30 A peak. tempo di intervento inferiore a 0,5\u00b5S, non optoisolato, con indicatore di funzionamento. <BR><B> Consegna in 2-4 giorni se disponibile, 4 settimane se ordinabile<\/B><\/p>\n","protected":false},"featured_media":23574,"comment_status":"open","ping_status":"closed","template":"","meta":[],"etheme_brands":[{"term_id":1123,"name":"VEA","slug":"vea-it","term_group":0,"term_taxonomy_id":1123,"taxonomy":"brand","description":"","parent":0,"count":751,"filter":"raw"}],"product_brand":[],"product_cat":[2442,2446,2707],"product_tag":[2862,2863,2864],"class_list":{"0":"post-45652","1":"product","2":"type-product","3":"status-publish","4":"has-post-thumbnail","6":"brand-vea-it","7":"product_cat-automazione-it","8":"product_cat-elettronica","9":"product_cat-rele-a-stato-solido","10":"product_tag-automazione","11":"product_tag-elettronica","12":"product_tag-rele-a-stato-solido","13":"pa_corrente-duscita-a-2698","14":"pa_corrente-duscita-di-picco-a-2700","15":"pa_mm-altezza-4973","16":"pa_mm-lunghezza-4972","17":"pa_mm-profondita-4974","18":"pa_opzioni-incluse-indicatore-a-led","19":"pa_peso-g-2706","20":"pa_stato-attivo","21":"pa_tempo-di-accensione-ms-0-0005","22":"pa_tempo-di-spegnimento-ms-0-002","23":"pa_tensione-di-alimentazione-v-2225","24":"pa_tensione-di-pilotaggio-v-2703","25":"pa_tensione-di-uscita-v-2792","26":"pa_tipo-rele-a-stato-solido-ad-alta-velocita","28":"first","29":"instock","30":"taxable","31":"shipping-taxable","32":"purchasable","33":"product-type-simple"},"yoast_head":"<!-- This site is optimized with the Yoast SEO plugin v26.6 - https:\/\/yoast.com\/wordpress\/plugins\/seo\/ -->\n<title>CED-P05-24-13 Rel\u00e8 a stato solido ad alta velocit\u00e0 - ATELPI<\/title>\n<meta name=\"description\" content=\"Rel\u00e8 a stato solido ad alta velocit\u00e0 24 V, 13 A, 05 V pilot, 30 A peak. tempo di intervento inferiore a 0,5\u00b5S, non optoisolato, con indicatore di funzionamento. Consegna in 2-4 giorni se disponibile, 4 settimane se ordinabile\" \/>\n<meta name=\"robots\" content=\"index, follow, max-snippet:-1, max-image-preview:large, max-video-preview:-1\" \/>\n<link rel=\"canonical\" href=\"https:\/\/www.atelpi.com\/it\/product\/ced-p05-24-13-rele-a-stato-solido-ad-alta-velocita\/\" \/>\n<meta property=\"og:locale\" content=\"it_IT\" \/>\n<meta property=\"og:type\" content=\"article\" \/>\n<meta property=\"og:title\" content=\"CED-P05-24-13 Rel\u00e8 a stato solido ad alta velocit\u00e0 - ATELPI\" \/>\n<meta property=\"og:description\" content=\"Rel\u00e8 a stato solido ad alta velocit\u00e0 24 V, 13 A, 05 V pilot, 30 A peak. tempo di intervento inferiore a 0,5\u00b5S, non optoisolato, con indicatore di funzionamento. Consegna in 2-4 giorni se disponibile, 4 settimane se ordinabile\" \/>\n<meta property=\"og:url\" content=\"https:\/\/www.atelpi.com\/it\/product\/ced-p05-24-13-rele-a-stato-solido-ad-alta-velocita\/\" \/>\n<meta property=\"og:site_name\" content=\"ATELPI\" \/>\n<meta property=\"article:modified_time\" content=\"2025-10-27T10:54:10+00:00\" \/>\n<meta property=\"og:image\" content=\"https:\/\/www.atelpi.com\/wp-content\/uploads\/CED-Pxx-24-13-web1.png\" \/>\n\t<meta property=\"og:image:width\" content=\"400\" \/>\n\t<meta property=\"og:image:height\" content=\"400\" \/>\n\t<meta property=\"og:image:type\" content=\"image\/png\" \/>\n<meta name=\"twitter:card\" content=\"summary_large_image\" \/>\n<script type=\"application\/ld+json\" class=\"yoast-schema-graph\">{\"@context\":\"https:\/\/schema.org\",\"@graph\":[{\"@type\":\"WebPage\",\"@id\":\"https:\/\/www.atelpi.com\/it\/product\/ced-p05-24-13-rele-a-stato-solido-ad-alta-velocita\/\",\"url\":\"https:\/\/www.atelpi.com\/it\/product\/ced-p05-24-13-rele-a-stato-solido-ad-alta-velocita\/\",\"name\":\"CED-P05-24-13 Rel\u00e8 a stato solido ad alta velocit\u00e0 - ATELPI\",\"isPartOf\":{\"@id\":\"https:\/\/www.atelpi.com\/#website\"},\"primaryImageOfPage\":{\"@id\":\"https:\/\/www.atelpi.com\/it\/product\/ced-p05-24-13-rele-a-stato-solido-ad-alta-velocita\/#primaryimage\"},\"image\":{\"@id\":\"https:\/\/www.atelpi.com\/it\/product\/ced-p05-24-13-rele-a-stato-solido-ad-alta-velocita\/#primaryimage\"},\"thumbnailUrl\":\"https:\/\/www.atelpi.com\/wp-content\/uploads\/CED-Pxx-24-13-web1.png\",\"datePublished\":\"2025-10-27T10:45:46+00:00\",\"dateModified\":\"2025-10-27T10:54:10+00:00\",\"description\":\"Rel\u00e8 a stato solido ad alta velocit\u00e0 24 V, 13 A, 05 V pilot, 30 A peak. tempo di intervento inferiore a 0,5\u00b5S, non optoisolato, con indicatore di funzionamento. Consegna in 2-4 giorni se disponibile, 4 settimane se ordinabile\",\"breadcrumb\":{\"@id\":\"https:\/\/www.atelpi.com\/it\/product\/ced-p05-24-13-rele-a-stato-solido-ad-alta-velocita\/#breadcrumb\"},\"inLanguage\":\"it-IT\",\"potentialAction\":[{\"@type\":\"ReadAction\",\"target\":[\"https:\/\/www.atelpi.com\/it\/product\/ced-p05-24-13-rele-a-stato-solido-ad-alta-velocita\/\"]}]},{\"@type\":\"ImageObject\",\"inLanguage\":\"it-IT\",\"@id\":\"https:\/\/www.atelpi.com\/it\/product\/ced-p05-24-13-rele-a-stato-solido-ad-alta-velocita\/#primaryimage\",\"url\":\"https:\/\/www.atelpi.com\/wp-content\/uploads\/CED-Pxx-24-13-web1.png\",\"contentUrl\":\"https:\/\/www.atelpi.com\/wp-content\/uploads\/CED-Pxx-24-13-web1.png\",\"width\":400,\"height\":400},{\"@type\":\"BreadcrumbList\",\"@id\":\"https:\/\/www.atelpi.com\/it\/product\/ced-p05-24-13-rele-a-stato-solido-ad-alta-velocita\/#breadcrumb\",\"itemListElement\":[{\"@type\":\"ListItem\",\"position\":1,\"name\":\"Home\",\"item\":\"https:\/\/www.atelpi.com\/\"},{\"@type\":\"ListItem\",\"position\":2,\"name\":\"Shop\",\"item\":\"https:\/\/www.atelpi.com\/shop\/\"},{\"@type\":\"ListItem\",\"position\":3,\"name\":\"CED-P05-24-13 Rel\u00e8 a stato solido ad alta velocit\u00e0\"}]},{\"@type\":\"WebSite\",\"@id\":\"https:\/\/www.atelpi.com\/#website\",\"url\":\"https:\/\/www.atelpi.com\/\",\"name\":\"ATELPI\",\"description\":\"MACHINE VISION AUTOMATION\",\"publisher\":{\"@id\":\"https:\/\/www.atelpi.com\/#organization\"},\"potentialAction\":[{\"@type\":\"SearchAction\",\"target\":{\"@type\":\"EntryPoint\",\"urlTemplate\":\"https:\/\/www.atelpi.com\/?s={search_term_string}\"},\"query-input\":{\"@type\":\"PropertyValueSpecification\",\"valueRequired\":true,\"valueName\":\"search_term_string\"}}],\"inLanguage\":\"it-IT\"},{\"@type\":\"Organization\",\"@id\":\"https:\/\/www.atelpi.com\/#organization\",\"name\":\"ATELPI\",\"url\":\"https:\/\/www.atelpi.com\/\",\"logo\":{\"@type\":\"ImageObject\",\"inLanguage\":\"it-IT\",\"@id\":\"https:\/\/www.atelpi.com\/#\/schema\/logo\/image\/\",\"url\":\"https:\/\/www.atelpi.com\/wp-content\/uploads\/2024\/04\/logo-atelpi-msk-990x265-1.png\",\"contentUrl\":\"https:\/\/www.atelpi.com\/wp-content\/uploads\/2024\/04\/logo-atelpi-msk-990x265-1.png\",\"width\":990,\"height\":265,\"caption\":\"ATELPI\"},\"image\":{\"@id\":\"https:\/\/www.atelpi.com\/#\/schema\/logo\/image\/\"}}]}<\/script>\n<!-- \/ Yoast SEO plugin. -->","yoast_head_json":{"title":"CED-P05-24-13 Rel\u00e8 a stato solido ad alta velocit\u00e0 - ATELPI","description":"Rel\u00e8 a stato solido ad alta velocit\u00e0 24 V, 13 A, 05 V pilot, 30 A peak. tempo di intervento inferiore a 0,5\u00b5S, non optoisolato, con indicatore di funzionamento. Consegna in 2-4 giorni se disponibile, 4 settimane se ordinabile","robots":{"index":"index","follow":"follow","max-snippet":"max-snippet:-1","max-image-preview":"max-image-preview:large","max-video-preview":"max-video-preview:-1"},"canonical":"https:\/\/www.atelpi.com\/it\/product\/ced-p05-24-13-rele-a-stato-solido-ad-alta-velocita\/","og_locale":"it_IT","og_type":"article","og_title":"CED-P05-24-13 Rel\u00e8 a stato solido ad alta velocit\u00e0 - ATELPI","og_description":"Rel\u00e8 a stato solido ad alta velocit\u00e0 24 V, 13 A, 05 V pilot, 30 A peak. tempo di intervento inferiore a 0,5\u00b5S, non optoisolato, con indicatore di funzionamento. Consegna in 2-4 giorni se disponibile, 4 settimane se ordinabile","og_url":"https:\/\/www.atelpi.com\/it\/product\/ced-p05-24-13-rele-a-stato-solido-ad-alta-velocita\/","og_site_name":"ATELPI","article_modified_time":"2025-10-27T10:54:10+00:00","og_image":[{"width":400,"height":400,"url":"https:\/\/www.atelpi.com\/wp-content\/uploads\/CED-Pxx-24-13-web1.png","type":"image\/png"}],"twitter_card":"summary_large_image","schema":{"@context":"https:\/\/schema.org","@graph":[{"@type":"WebPage","@id":"https:\/\/www.atelpi.com\/it\/product\/ced-p05-24-13-rele-a-stato-solido-ad-alta-velocita\/","url":"https:\/\/www.atelpi.com\/it\/product\/ced-p05-24-13-rele-a-stato-solido-ad-alta-velocita\/","name":"CED-P05-24-13 Rel\u00e8 a stato solido ad alta velocit\u00e0 - ATELPI","isPartOf":{"@id":"https:\/\/www.atelpi.com\/#website"},"primaryImageOfPage":{"@id":"https:\/\/www.atelpi.com\/it\/product\/ced-p05-24-13-rele-a-stato-solido-ad-alta-velocita\/#primaryimage"},"image":{"@id":"https:\/\/www.atelpi.com\/it\/product\/ced-p05-24-13-rele-a-stato-solido-ad-alta-velocita\/#primaryimage"},"thumbnailUrl":"https:\/\/www.atelpi.com\/wp-content\/uploads\/CED-Pxx-24-13-web1.png","datePublished":"2025-10-27T10:45:46+00:00","dateModified":"2025-10-27T10:54:10+00:00","description":"Rel\u00e8 a stato solido ad alta velocit\u00e0 24 V, 13 A, 05 V pilot, 30 A peak. tempo di intervento inferiore a 0,5\u00b5S, non optoisolato, con indicatore di funzionamento. Consegna in 2-4 giorni se disponibile, 4 settimane se ordinabile","breadcrumb":{"@id":"https:\/\/www.atelpi.com\/it\/product\/ced-p05-24-13-rele-a-stato-solido-ad-alta-velocita\/#breadcrumb"},"inLanguage":"it-IT","potentialAction":[{"@type":"ReadAction","target":["https:\/\/www.atelpi.com\/it\/product\/ced-p05-24-13-rele-a-stato-solido-ad-alta-velocita\/"]}]},{"@type":"ImageObject","inLanguage":"it-IT","@id":"https:\/\/www.atelpi.com\/it\/product\/ced-p05-24-13-rele-a-stato-solido-ad-alta-velocita\/#primaryimage","url":"https:\/\/www.atelpi.com\/wp-content\/uploads\/CED-Pxx-24-13-web1.png","contentUrl":"https:\/\/www.atelpi.com\/wp-content\/uploads\/CED-Pxx-24-13-web1.png","width":400,"height":400},{"@type":"BreadcrumbList","@id":"https:\/\/www.atelpi.com\/it\/product\/ced-p05-24-13-rele-a-stato-solido-ad-alta-velocita\/#breadcrumb","itemListElement":[{"@type":"ListItem","position":1,"name":"Home","item":"https:\/\/www.atelpi.com\/"},{"@type":"ListItem","position":2,"name":"Shop","item":"https:\/\/www.atelpi.com\/shop\/"},{"@type":"ListItem","position":3,"name":"CED-P05-24-13 Rel\u00e8 a stato solido ad alta velocit\u00e0"}]},{"@type":"WebSite","@id":"https:\/\/www.atelpi.com\/#website","url":"https:\/\/www.atelpi.com\/","name":"ATELPI","description":"MACHINE VISION AUTOMATION","publisher":{"@id":"https:\/\/www.atelpi.com\/#organization"},"potentialAction":[{"@type":"SearchAction","target":{"@type":"EntryPoint","urlTemplate":"https:\/\/www.atelpi.com\/?s={search_term_string}"},"query-input":{"@type":"PropertyValueSpecification","valueRequired":true,"valueName":"search_term_string"}}],"inLanguage":"it-IT"},{"@type":"Organization","@id":"https:\/\/www.atelpi.com\/#organization","name":"ATELPI","url":"https:\/\/www.atelpi.com\/","logo":{"@type":"ImageObject","inLanguage":"it-IT","@id":"https:\/\/www.atelpi.com\/#\/schema\/logo\/image\/","url":"https:\/\/www.atelpi.com\/wp-content\/uploads\/2024\/04\/logo-atelpi-msk-990x265-1.png","contentUrl":"https:\/\/www.atelpi.com\/wp-content\/uploads\/2024\/04\/logo-atelpi-msk-990x265-1.png","width":990,"height":265,"caption":"ATELPI"},"image":{"@id":"https:\/\/www.atelpi.com\/#\/schema\/logo\/image\/"}}]}},"_links":{"self":[{"href":"https:\/\/www.atelpi.com\/it\/wp-json\/wp\/v2\/product\/45652","targetHints":{"allow":["GET"]}}],"collection":[{"href":"https:\/\/www.atelpi.com\/it\/wp-json\/wp\/v2\/product"}],"about":[{"href":"https:\/\/www.atelpi.com\/it\/wp-json\/wp\/v2\/types\/product"}],"replies":[{"embeddable":true,"href":"https:\/\/www.atelpi.com\/it\/wp-json\/wp\/v2\/comments?post=45652"}],"version-history":[{"count":0,"href":"https:\/\/www.atelpi.com\/it\/wp-json\/wp\/v2\/product\/45652\/revisions"}],"wp:featuredmedia":[{"embeddable":true,"href":"https:\/\/www.atelpi.com\/it\/wp-json\/wp\/v2\/media\/23574"}],"wp:attachment":[{"href":"https:\/\/www.atelpi.com\/it\/wp-json\/wp\/v2\/media?parent=45652"}],"wp:term":[{"taxonomy":"brand","embeddable":true,"href":"https:\/\/www.atelpi.com\/it\/wp-json\/wp\/v2\/etheme_brands?post=45652"},{"taxonomy":"product_brand","embeddable":true,"href":"https:\/\/www.atelpi.com\/it\/wp-json\/wp\/v2\/product_brand?post=45652"},{"taxonomy":"product_cat","embeddable":true,"href":"https:\/\/www.atelpi.com\/it\/wp-json\/wp\/v2\/product_cat?post=45652"},{"taxonomy":"product_tag","embeddable":true,"href":"https:\/\/www.atelpi.com\/it\/wp-json\/wp\/v2\/product_tag?post=45652"}],"curies":[{"name":"wp","href":"https:\/\/api.w.org\/{rel}","templated":true}]}}